{"id":663,"date":"2020-02-29T11:22:50","date_gmt":"2020-02-29T10:22:50","guid":{"rendered":"http:\/\/zimtholz-design.de\/?page_id=663"},"modified":"2020-03-12T18:17:21","modified_gmt":"2020-03-12T17:17:21","slug":"impressum","status":"publish","type":"page","link":"https:\/\/zimtholz-design.de\/?page_id=663","title":{"rendered":"Impressum"},"content":{"rendered":"\r\n<p>Zimtholz Design<\/p>\r\n\r\n\r\n\r\n<p>Kontakt: info@zimtholz-design.de<\/p>\r\n\r\n\r\n\r\n<p>Haftung f\u00fcr Inhalte<br \/>Als Diensteanbieter bin ich gem\u00e4\u00df \u00a7 7 Abs.1 TMG f\u00fcr eigene Inhalte auf diesen Seiten nach den\u00a0allgemeinen Gesetzen verantwortlich. Nach \u00a7\u00a7 8 bis 10 TMG bin ich als Diensteanbieter jedoch nicht\u00a0verpflichtet, \u00fcbermittelte oder gespeicherte fremde Informationen zu \u00fcberwachen oder nach Umst\u00e4nden\u00a0zu forschen, die auf eine rechtswidrige T\u00e4tigkeit hinweisen.<br \/>Verpflichtungen zur Entfernung oder Sperrung der Nutzung von Informationen nach den allgemeinen\u00a0Gesetzen bleiben hiervon unber\u00fchrt. Eine diesbez\u00fcgliche Haftung ist jedoch erst ab dem Zeitpunkt der\u00a0Kenntnis einer konkreten Rechtsverletzung m\u00f6glich. Bei Bekanntwerden von entsprechenden Rechtsverletzungen werde ich diese Inhalte umgehend entfernen.<\/p>\r\n\r\n\r\n\r\n<p>Haftung f\u00fcr Links<br \/>Mein Angebot enth\u00e4lt Links zu externen Webseiten Dritter, auf deren Inhalte ich keinen Einfluss habe. Deshalb kann ich f\u00fcr diese fremden Inhalte auch keine Gew\u00e4hr \u00fcbernehmen. F\u00fcr die Inhalte der\u00a0verlinkten Seiten ist stets der jeweilige Anbieter oder Betreiber der Seiten verantwortlich. Die verlinkten Seiten wurden zum Zeitpunkt der Verlinkung auf m\u00f6gliche Rechtsverst\u00f6\u00dfe \u00fcberpr\u00fcft. Rechtswidrige Inhalte waren zum Zeitpunkt der Verlinkung nicht erkennbar.\u00a0Eine permanente inhaltliche Kontrolle der verlinkten Seiten ist jedoch ohne konkrete Anhaltspunkte einer\u00a0Rechtsverletzung nicht zumutbar. Bei Bekanntwerden von Rechtsverletzungen werden wir derartige Links<br \/>umgehend entfernen.<\/p>\r\n\r\n\r\n\r\n<p>Urheberrecht<br \/>Die durch die Seitenbetreiber erstellten Inhalte und Werke auf diesen Seiten unterliegen dem deutschen\u00a0Urheberrecht. Die Vervielf\u00e4ltigung, Bearbeitung, Verbreitung und jede Art der Verwertung au\u00dferhalb der Grenzen des Urheberrechtes bed\u00fcrfen der schriftlichen Zustimmung des jeweiligen Autors bzw.\u00a0Erstellers. Downloads und Kopien dieser Seite sind nur f\u00fcr den privaten, nicht kommerziellen Gebrauch\u00a0gestattet.<br \/>Soweit die Inhalte auf dieser Seite nicht vom Betreiber erstellt wurden, werden die Urheberrechte Dritter\u00a0beachtet. Insbesondere werden Inhalte Dritter als solche gekennzeichnet. Sollten Sie trotzdem auf eine\u00a0Urheberrechtsverletzung aufmerksam werden, bitte ich um einen entsprechenden Hinweis. Bei\u00a0Bekanntwerden von Rechtsverletzungen werde ich derartige Inhalte umgehend entfernen.<\/p>\r\n","protected":false},"excerpt":{"rendered":"Zimtholz Design Kontakt: info@zimtholz-design.de Haftung f\u00fcr InhalteAls Diensteanbieter bin ich gem\u00e4\u00df \u00a7 7 Abs.1 TMG f\u00fcr eigene Inhalte auf diesen Seiten nach den\u00a0allgemeinen Gesetzen verantwortlich. Nach \u00a7\u00a7 8 bis 10 TMG bin ich als Diensteanbieter jedoch nicht\u00a0verpflichtet, \u00fcbermittelte oder gespeicherte fremde Informationen zu \u00fcberwachen oder nach Umst\u00e4nden\u00a0zu forschen, die auf eine rechtswidrige T\u00e4tigkeit hinweisen.Verpflichtungen zur [&#8230;]","protected":false},"author":1,"featured_media":0,"parent":0,"menu_order":0,"comment_status":"closed","ping_status":"closed","template":"","meta":[],"yoast_head":"<!-- This site is optimized with the Yoast SEO plugin v15.2 - https:\/\/yoast.com\/wordpress\/plugins\/seo\/ -->\n<title>Impressum - Zimtholz Design<\/title>\n<meta name=\"robots\" content=\"index, follow, max-snippet:-1, max-image-preview:large, max-video-preview:-1\" \/>\n<link rel=\"canonical\" href=\"https:\/\/zimtholz-design.de\/?page_id=663\" \/>\n<meta property=\"og:locale\" content=\"de_DE\" \/>\n<meta property=\"og:type\" content=\"article\" \/>\n<meta property=\"og:title\" content=\"Impressum - Zimtholz Design\" \/>\n<meta property=\"og:description\" content=\"Zimtholz Design Kontakt: info@zimtholz-design.de Haftung f\u00fcr InhalteAls Diensteanbieter bin ich gem\u00e4\u00df \u00a7 7 Abs.1 TMG f\u00fcr eigene Inhalte auf diesen Seiten nach den\u00a0allgemeinen Gesetzen verantwortlich. Nach \u00a7\u00a7 8 bis 10 TMG bin ich als Diensteanbieter jedoch nicht\u00a0verpflichtet, \u00fcbermittelte oder gespeicherte fremde Informationen zu \u00fcberwachen oder nach Umst\u00e4nden\u00a0zu forschen, die auf eine rechtswidrige T\u00e4tigkeit hinweisen.Verpflichtungen zur [...]\" \/>\n<meta property=\"og:url\" content=\"https:\/\/zimtholz-design.de\/?page_id=663\" \/>\n<meta property=\"og:site_name\" content=\"Zimtholz Design\" \/>\n<meta property=\"article:modified_time\" content=\"2020-03-12T17:17:21+00:00\" \/>\n<meta name=\"twitter:card\" content=\"summary_large_image\" \/>\n<meta name=\"twitter:label1\" value=\"Written by\">\n\t<meta name=\"twitter:data1\" value=\"zimtholzadm\">\n\t<meta name=\"twitter:label2\" value=\"Est. reading time\">\n\t<meta name=\"twitter:data2\" value=\"1\u00a0Minute\">\n<script type=\"application\/ld+json\" class=\"yoast-schema-graph\">{\"@context\":\"https:\/\/schema.org\",\"@graph\":[{\"@type\":\"Organization\",\"@id\":\"https:\/\/zimtholz-design.de\/#organization\",\"name\":\"Zimtholz Design\",\"url\":\"https:\/\/zimtholz-design.de\/\",\"sameAs\":[\"https:\/\/www.instagram.com\/zimtholzdesign\/\",\"https:\/\/www.pinterest.de\/9da896618bb528ae279d38b8cba4c0\/\"],\"logo\":{\"@type\":\"ImageObject\",\"@id\":\"https:\/\/zimtholz-design.de\/#logo\",\"inLanguage\":\"de\",\"url\":\"https:\/\/zimtholz-design.de\/wp-content\/uploads\/2020\/02\/Zimtholz-sem-verde-e1582488994343.jpg\",\"width\":1014,\"height\":342,\"caption\":\"Zimtholz Design\"},\"image\":{\"@id\":\"https:\/\/zimtholz-design.de\/#logo\"}},{\"@type\":\"WebSite\",\"@id\":\"https:\/\/zimtholz-design.de\/#website\",\"url\":\"https:\/\/zimtholz-design.de\/\",\"name\":\"Zimtholz Design\",\"description\":\"Konzept   -   Raumgestaltung  - Dekor\",\"publisher\":{\"@id\":\"https:\/\/zimtholz-design.de\/#organization\"},\"potentialAction\":[{\"@type\":\"SearchAction\",\"target\":\"https:\/\/zimtholz-design.de\/?s={search_term_string}\",\"query-input\":\"required name=search_term_string\"}],\"inLanguage\":\"de\"},{\"@type\":\"WebPage\",\"@id\":\"https:\/\/zimtholz-design.de\/?page_id=663#webpage\",\"url\":\"https:\/\/zimtholz-design.de\/?page_id=663\",\"name\":\"Impressum - Zimtholz Design\",\"isPartOf\":{\"@id\":\"https:\/\/zimtholz-design.de\/#website\"},\"datePublished\":\"2020-02-29T10:22:50+00:00\",\"dateModified\":\"2020-03-12T17:17:21+00:00\",\"inLanguage\":\"de\",\"potentialAction\":[{\"@type\":\"ReadAction\",\"target\":[\"https:\/\/zimtholz-design.de\/?page_id=663\"]}]}]}<\/script>\n<!-- \/ Yoast SEO plugin. -->","_links":{"self":[{"href":"https:\/\/zimtholz-design.de\/index.php?rest_route=\/wp\/v2\/pages\/663"}],"collection":[{"href":"https:\/\/zimtholz-design.de\/index.php?rest_route=\/wp\/v2\/pages"}],"about":[{"href":"https:\/\/zimtholz-design.de\/index.php?rest_route=\/wp\/v2\/types\/page"}],"author":[{"embeddable":true,"href":"https:\/\/zimtholz-design.de\/index.php?rest_route=\/wp\/v2\/users\/1"}],"replies":[{"embeddable":true,"href":"https:\/\/zimtholz-design.de\/index.php?rest_route=%2Fwp%2Fv2%2Fcomments&post=663"}],"version-history":[{"count":5,"href":"https:\/\/zimtholz-design.de\/index.php?rest_route=\/wp\/v2\/pages\/663\/revisions"}],"predecessor-version":[{"id":864,"href":"https:\/\/zimtholz-design.de\/index.php?rest_route=\/wp\/v2\/pages\/663\/revisions\/864"}],"wp:attachment":[{"href":"https:\/\/zimtholz-design.de\/index.php?rest_route=%2Fwp%2Fv2%2Fmedia&parent=663"}],"curies":[{"name":"wp","href":"https:\/\/api.w.org\/{rel}","templated":true}]}}