{"id":97,"date":"2019-02-12T11:48:09","date_gmt":"2019-02-12T10:48:09","guid":{"rendered":"https:\/\/victorthemes.com\/themes\/exertion\/?page_id=97"},"modified":"2020-03-01T12:50:08","modified_gmt":"2020-03-01T11:50:08","slug":"leistungen","status":"publish","type":"page","link":"https:\/\/zimtholz-design.de\/?page_id=97","title":{"rendered":"Leistungen"},"content":{"rendered":"<p>[vc_row overlay_dotted=&#8220;&#8220; css=&#8220;.vc_custom_1548997454479{padding-bottom: 2% !important;}&#8220;][vc_column]<div class=\"xrton-process process-style-two  xrton-process-69e5966e397e0 \">\r\n    \t\t\t\t\t\t\t\t<div class=\"container\">\r\n\t\t\t\t\t\t\t\t\t\t\t<div class=\"process-wrap  remove-shadow \"  style=\"background-image: url();\">\r\n\t\t\t\t\t\t\t\t\t\t\t\t<div class=\"row\">\r\n\t\t\t\t\t\t\t\t\t\t\t\t\t<div class=\"col-lg-7\">\r\n\t\t\t\t\t\t\t\t\t\t\t\t\t\t<div class=\"process-wrap-info\">\r\n\t\t\t\t\t\t\t\t\t\t\t\t\t\t\t<div class=\"section-title-wrap section-title-style-two\"><h2 class=\"section-title\">Wie m\u00f6chten Sie sich in dem Raum f\u00fchlen?<\/h2><\/div><p>Welche Gef\u00fchle wollen Sie bei anderen erzeugen?<br \/>\nWir alle verdienen \u00e4sthetische ansprechende R\u00e4ume, die unsere Sinne stimulieren, wo wir uns wohlf\u00fchlen und Geborgenheit sp\u00fcren - unsere Umgebung und die Objekte mit denen wir uns umgeben, haben einen direkten Einfluss auf unsere Gesundheit und Wohlbefinden!<\/p><div class=\"xrton-btns-group\"><a href=\"http:\/\/www.zimtholz-design.de\/?page_id=76\" class=\"xrton-btn\" target=\"_blank\"><span>Erfarhen Sie mehr \u00fcber uns<\/span><\/a><\/div>\r\n\t\t\t\t\t\t\t\t\t\t\t\t\t\t<\/div>\r\n\t\t\t\t\t\t\t\t\t\t\t\t\t<\/div>\r\n\t\t\t\t\t\t\t\t\t\t\t\t\t<div class=\"col-lg-5\"><div class=\"process-item\">\r\n\t                \t\t<div class=\"xrton-icon\">\r\n                          <div class=\"xrton-table-wrap\">\r\n                            <div class=\"xrton-align-wrap\">\r\n                              <img src=\"https:\/\/zimtholz-design.de\/wp-content\/uploads\/2019\/01\/service-image-retina-1.png\" alt=\"\">\r\n                            <\/div>\r\n                          <\/div>\r\n                        <\/div>\r\n\t                    <div class=\"process-info\">\r\n\t\t\t                <h4 class=\"process-title\">Beratung<\/h4><p>Wir beraten Sie sowohl pers\u00f6nlich als auch remote\/ online. Mit unseren cleveren Tipps k\u00f6nnen schon kleine \u00c4nderungen gro\u00dfe Wirkungen erzielt werden. <\/p>\r\n\t\t\t                <\/div>\r\n\t\t\t              <\/div><div class=\"process-item\">\r\n\t                \t\t<div class=\"xrton-icon\">\r\n                          <div class=\"xrton-table-wrap\">\r\n                            <div class=\"xrton-align-wrap\">\r\n                              <img src=\"https:\/\/zimtholz-design.de\/wp-content\/uploads\/2019\/01\/service-image-retina-1.png\" alt=\"\">\r\n                            <\/div>\r\n                          <\/div>\r\n                        <\/div>\r\n\t                    <div class=\"process-info\">\r\n\t\t\t                <h4 class=\"process-title\">Design und Planung<\/h4><p>Wollen Sie Wohnr\u00e4ume, die inspirieren? Wollen Sie Arbeitsr\u00e4ume, die motivieren und Sie t\u00e4glich willkommen hei\u00dfen? Mit einem abgestimmten Designkonzept begleiten wir Sie bei der Verwirklichung Ihrer idealen Raumgestaltung.<\/p>\r\n\t\t\t                <\/div>\r\n\t\t\t              <\/div><div class=\"process-item\">\r\n\t                \t\t<div class=\"xrton-icon\">\r\n                          <div class=\"xrton-table-wrap\">\r\n                            <div class=\"xrton-align-wrap\">\r\n                              <img src=\"https:\/\/zimtholz-design.de\/wp-content\/uploads\/2019\/01\/service-image-retina-1.png\" alt=\"\">\r\n                            <\/div>\r\n                          <\/div>\r\n                        <\/div>\r\n\t                    <div class=\"process-info\">\r\n\t\t\t                <h4 class=\"process-title\">Projektbegleitung<\/h4><p>Jedes Projekt wird vom Anfang bis zum Ende gemeinsam mit Ihnen abgestimmt und je nach Wunsch begleitet. <\/p>\r\n\t\t\t                <\/div>\r\n\t\t\t              <\/div><\/div><\/div><\/div><\/div><\/div>[\/vc_column][\/vc_row][vc_row overlay_dotted=&#8220;&#8220; css=&#8220;.vc_custom_1548997954861{padding-top: 10% !important;padding-bottom: 8% !important;}&#8220;][vc_column need_animation=&#8220;&#8220; offset=&#8220;vc_col-lg-6 vc_col-md-12 vc_col-xs-12&#8243; css=&#8220;.vc_custom_1551178124314{margin-bottom: 5% !important;}&#8220;][vc_single_image image=&#8220;818&#8243; img_size=&#8220;large&#8220;][\/vc_column][vc_column need_animation=&#8220;&#8220; offset=&#8220;vc_col-lg-6 vc_col-md-12 vc_col-xs-12&#8243;]<div class=\"section-title-wrap  xrton-stitle-69e5966e3a150-haeufig-gestellte-fragen caption-left no-need-bg \"><h2 class=\"section-title\">H\u00e4ufig gestellte Fragen<\/h2><\/div>\n    <!-- Xrton Faq -->\n    <section class=\"xrton-faq\">\n      <div class=\"container\">\n        <div class=\"row\">\n          <div class=\"col-lg-12\">\n            <div class=\"faq-info xrton-tab-69e5966e3a1c4\">\n\n              <div id=\"accordion\" class=\"accordion\">\n                \n                  <div class=\"card\">\n                    <div class=\"card-header\" id=\"heading-1\">\n                      <h5 class=\"accordion-title\">\n                        <a href=\"javascript:void(0);\" class=\"collapsed\" data-toggle=\"collapse\" data-target=\"#collapse-1\" aria-expanded=\"true\" aria-controls=\"#collapse-1\">\n                          Brauche ich externe Hilfe, um meine R\u00e4ume zu gestalten?                        <\/a>\n                      <\/h5>\n                    <\/div>\n                    <div id=\"collapse-1\" class=\"collapse \" aria-labelledby=\"heading-1\" data-parent=\"#accordion\">\n                      <div class=\"card-body\">\n                        <p>Sie bekommen L\u00f6sungen, an die Sie wahrscheinlich nicht gedacht haben. Mit einem Design Konzept k\u00f6nnen Sie sich den Raum viel besser vorstellen und sparen am Ende Zeit, Nerven und Geld bei dem Kauf von M\u00f6beln, Farben oder Beleuchtungen, die richtig passen.<\/p>\n                      <\/div>\n                    <\/div>\n                  <\/div>\n\n                \n                  <div class=\"card\">\n                    <div class=\"card-header\" id=\"heading-2\">\n                      <h5 class=\"accordion-title\">\n                        <a href=\"javascript:void(0);\" class=\"collapsed\" data-toggle=\"collapse\" data-target=\"#collapse-2\" aria-expanded=\"true\" aria-controls=\"#collapse-2\">\n                          Was kostet mich ein Projekt?                                  <\/a>\n                      <\/h5>\n                    <\/div>\n                    <div id=\"collapse-2\" class=\"collapse \" aria-labelledby=\"heading-2\" data-parent=\"#accordion\">\n                      <div class=\"card-body\">\n                        <p>Das h\u00e4ngt davon ab was Sie genau machen m\u00f6chten. Wenn Sie ein bestimmtes Budget haben, k\u00f6nnen wir gerne einen Vorschlag daf\u00fcr erstellen.<\/p>\n                      <\/div>\n                    <\/div>\n                  <\/div>\n\n                \n                  <div class=\"card\">\n                    <div class=\"card-header\" id=\"heading-3\">\n                      <h5 class=\"accordion-title\">\n                        <a href=\"javascript:void(0);\" class=\"collapsed\" data-toggle=\"collapse\" data-target=\"#collapse-3\" aria-expanded=\"true\" aria-controls=\"#collapse-3\">\n                          Wie fangen wir an und was kommt als N\u00e4chstes?                                           <\/a>\n                      <\/h5>\n                    <\/div>\n                    <div id=\"collapse-3\" class=\"collapse \" aria-labelledby=\"heading-3\" data-parent=\"#accordion\">\n                      <div class=\"card-body\">\n                        <p>Sie k\u00f6nnen gerne das Formular f\u00fcr eine unverbindliche Anfrage ausf\u00fcllen, so haben wir ein Gef\u00fchl f\u00fcr Ihr Vorhaben. Wir kontaktieren Sie und vereinbaren einen Vorort-Termin. Dann k\u00f6nnen wir alles zum Projekt besprechen und genau erfahren was Sie m\u00f6chten, was Sie m\u00f6gen und was nicht.<\/p>\n                      <\/div>\n                    <\/div>\n                  <\/div>\n\n                \n                  <div class=\"card\">\n                    <div class=\"card-header\" id=\"heading-4\">\n                      <h5 class=\"accordion-title\">\n                        <a href=\"javascript:void(0);\" class=\"\" data-toggle=\"collapse\" data-target=\"#collapse-4\" aria-expanded=\"true\" aria-controls=\"#collapse-4\">\n                          In welcher Region arbeiten Sie?                                             <\/a>\n                      <\/h5>\n                    <\/div>\n                    <div id=\"collapse-4\" class=\"collapse  show\" aria-labelledby=\"heading-4\" data-parent=\"#accordion\">\n                      <div class=\"card-body\">\n                        <p>Bremen und Umgebung aber auch online (remote).<\/p>\n                      <\/div>\n                    <\/div>\n                  <\/div>\n\n                              <\/div>\n            <\/div>\n          <\/div>\n        <\/div>\n      <\/div>\n    <\/section>\n\n    [\/vc_column][\/vc_row]<\/p>\n","protected":false},"excerpt":{"rendered":"[vc_row overlay_dotted=&#8220;&#8220; css=&#8220;.vc_custom_1548997454479{padding-bottom: 2% !important;}&#8220;][vc_column][\/vc_column][\/vc_row][vc_row overlay_dotted=&#8220;&#8220; css=&#8220;.vc_custom_1548997954861{padding-top: 10% !important;padding-bottom: 8% !important;}&#8220;][vc_column need_animation=&#8220;&#8220; offset=&#8220;vc_col-lg-6 vc_col-md-12 vc_col-xs-12&#8243; css=&#8220;.vc_custom_1551178124314{margin-bottom: 5% !important;}&#8220;][vc_single_image image=&#8220;818&#8243; img_size=&#8220;large&#8220;][\/vc_column][vc_column need_animation=&#8220;&#8220; offset=&#8220;vc_col-lg-6 vc_col-md-12 vc_col-xs-12&#8243;][\/vc_column][\/vc_row]","protected":false},"author":1,"featured_media":0,"parent":0,"menu_order":0,"comment_status":"closed","ping_status":"closed","template":"","meta":[],"yoast_head":"<!-- This site is optimized with the Yoast SEO plugin v15.2 - https:\/\/yoast.com\/wordpress\/plugins\/seo\/ -->\n<title>Leistungen - Zimtholz Design<\/title>\n<meta name=\"robots\" content=\"index, follow, max-snippet:-1, max-image-preview:large, max-video-preview:-1\" \/>\n<link rel=\"canonical\" href=\"https:\/\/zimtholz-design.de\/?page_id=97\" \/>\n<meta property=\"og:locale\" content=\"de_DE\" \/>\n<meta property=\"og:type\" content=\"article\" \/>\n<meta property=\"og:title\" content=\"Leistungen - Zimtholz Design\" \/>\n<meta property=\"og:description\" content=\"[vc_row overlay_dotted=&#8220;&#8220; css=&#8220;.vc_custom_1548997454479{padding-bottom: 2% !important;}&#8220;][vc_column][\/vc_column][\/vc_row][vc_row overlay_dotted=&#8220;&#8220; css=&#8220;.vc_custom_1548997954861{padding-top: 10% !important;padding-bottom: 8% !important;}&#8220;][vc_column need_animation=&#8220;&#8220; offset=&#8220;vc_col-lg-6 vc_col-md-12 vc_col-xs-12&#8243; css=&#8220;.vc_custom_1551178124314{margin-bottom: 5% !important;}&#8220;][vc_single_image image=&#8220;818&#8243; img_size=&#8220;large&#8220;][\/vc_column][vc_column need_animation=&#8220;&#8220; offset=&#8220;vc_col-lg-6 vc_col-md-12 vc_col-xs-12&#8243;][\/vc_column][\/vc_row]\" \/>\n<meta property=\"og:url\" content=\"https:\/\/zimtholz-design.de\/?page_id=97\" \/>\n<meta property=\"og:site_name\" content=\"Zimtholz Design\" \/>\n<meta property=\"article:modified_time\" content=\"2020-03-01T11:50:08+00:00\" \/>\n<meta name=\"twitter:card\" content=\"summary_large_image\" \/>\n<meta name=\"twitter:label1\" value=\"Written by\">\n\t<meta name=\"twitter:data1\" value=\"zimtholzadm\">\n\t<meta name=\"twitter:label2\" value=\"Est. reading time\">\n\t<meta name=\"twitter:data2\" value=\"3\u00a0Minuten\">\n<script type=\"application\/ld+json\" class=\"yoast-schema-graph\">{\"@context\":\"https:\/\/schema.org\",\"@graph\":[{\"@type\":\"Organization\",\"@id\":\"https:\/\/zimtholz-design.de\/#organization\",\"name\":\"Zimtholz Design\",\"url\":\"https:\/\/zimtholz-design.de\/\",\"sameAs\":[\"https:\/\/www.instagram.com\/zimtholzdesign\/\",\"https:\/\/www.pinterest.de\/9da896618bb528ae279d38b8cba4c0\/\"],\"logo\":{\"@type\":\"ImageObject\",\"@id\":\"https:\/\/zimtholz-design.de\/#logo\",\"inLanguage\":\"de\",\"url\":\"https:\/\/zimtholz-design.de\/wp-content\/uploads\/2020\/02\/Zimtholz-sem-verde-e1582488994343.jpg\",\"width\":1014,\"height\":342,\"caption\":\"Zimtholz Design\"},\"image\":{\"@id\":\"https:\/\/zimtholz-design.de\/#logo\"}},{\"@type\":\"WebSite\",\"@id\":\"https:\/\/zimtholz-design.de\/#website\",\"url\":\"https:\/\/zimtholz-design.de\/\",\"name\":\"Zimtholz Design\",\"description\":\"Konzept   -   Raumgestaltung  - Dekor\",\"publisher\":{\"@id\":\"https:\/\/zimtholz-design.de\/#organization\"},\"potentialAction\":[{\"@type\":\"SearchAction\",\"target\":\"https:\/\/zimtholz-design.de\/?s={search_term_string}\",\"query-input\":\"required name=search_term_string\"}],\"inLanguage\":\"de\"},{\"@type\":\"WebPage\",\"@id\":\"https:\/\/zimtholz-design.de\/?page_id=97#webpage\",\"url\":\"https:\/\/zimtholz-design.de\/?page_id=97\",\"name\":\"Leistungen - Zimtholz Design\",\"isPartOf\":{\"@id\":\"https:\/\/zimtholz-design.de\/#website\"},\"datePublished\":\"2019-02-12T10:48:09+00:00\",\"dateModified\":\"2020-03-01T11:50:08+00:00\",\"inLanguage\":\"de\",\"potentialAction\":[{\"@type\":\"ReadAction\",\"target\":[\"https:\/\/zimtholz-design.de\/?page_id=97\"]}]}]}<\/script>\n<!-- \/ Yoast SEO plugin. -->","_links":{"self":[{"href":"https:\/\/zimtholz-design.de\/index.php?rest_route=\/wp\/v2\/pages\/97"}],"collection":[{"href":"https:\/\/zimtholz-design.de\/index.php?rest_route=\/wp\/v2\/pages"}],"about":[{"href":"https:\/\/zimtholz-design.de\/index.php?rest_route=\/wp\/v2\/types\/page"}],"author":[{"embeddable":true,"href":"https:\/\/zimtholz-design.de\/index.php?rest_route=\/wp\/v2\/users\/1"}],"replies":[{"embeddable":true,"href":"https:\/\/zimtholz-design.de\/index.php?rest_route=%2Fwp%2Fv2%2Fcomments&post=97"}],"version-history":[{"count":14,"href":"https:\/\/zimtholz-design.de\/index.php?rest_route=\/wp\/v2\/pages\/97\/revisions"}],"predecessor-version":[{"id":825,"href":"https:\/\/zimtholz-design.de\/index.php?rest_route=\/wp\/v2\/pages\/97\/revisions\/825"}],"wp:attachment":[{"href":"https:\/\/zimtholz-design.de\/index.php?rest_route=%2Fwp%2Fv2%2Fmedia&parent=97"}],"curies":[{"name":"wp","href":"https:\/\/api.w.org\/{rel}","templated":true}]}}